{"id":93602,"date":"2024-10-25T08:45:29","date_gmt":"2024-10-25T13:45:29","guid":{"rendered":"https:\/\/iesjuli.edu.pe\/portal\/?page_id=93602"},"modified":"2025-04-18T16:37:30","modified_gmt":"2025-04-18T21:37:30","slug":"matriculas","status":"publish","type":"page","link":"https:\/\/iesjuli.edu.pe\/portal\/matriculas\/","title":{"rendered":"Matr\u00edculas"},"content":{"rendered":"\t\t<div data-elementor-type=\"wp-page\" data-elementor-id=\"93602\" class=\"elementor elementor-93602\">\n\t\t\t\t\t\t<section class=\"default no-position elementor-section elementor-top-section elementor-element elementor-element-86013c9 elementor-section-boxed elementor-section-height-default elementor-section-height-default wpr-particle-no wpr-jarallax-no wpr-parallax-no wpr-sticky-section-no\" data-id=\"86013c9\" data-element_type=\"section\" data-settings=\"{&quot;ekit_has_onepagescroll_dot&quot;:&quot;yes&quot;}\">\n\t\t\t\t\t\t<div class=\"elementor-container elementor-column-gap-default\">\n\t\t\t\t\t<div class=\"elementor-column elementor-col-100 elementor-top-column elementor-element elementor-element-68f4324\" data-id=\"68f4324\" data-element_type=\"column\">\n\t\t\t<div class=\"elementor-widget-wrap elementor-element-populated\">\n\t\t\t\t\t\t<div class=\"elementor-element elementor-element-029bf43 elementor-widget elementor-widget-eael-adv-tabs\" data-id=\"029bf43\" data-element_type=\"widget\" data-settings=\"{&quot;ekit_we_effect_on&quot;:&quot;none&quot;}\" data-widget_type=\"eael-adv-tabs.default\">\n\t\t\t\t<div class=\"elementor-widget-container\">\n\t\t\t        <div data-scroll-on-click=\"no\" data-scroll-speed=\"300\" id=\"eael-advance-tabs-029bf43\" class=\"eael-advance-tabs eael-tabs-horizontal eael-tab-auto-active \" data-tabid=\"029bf43\">\n            <div class=\"eael-tabs-nav\">\n                <ul class=\"eael-tab-inline-icon\" role=\"tablist\">\n                                            <li id=\"cronograma-de-matrculas\" class=\"inactive eael-tab-item-trigger eael-tab-nav-item\" aria-selected=\"true\" data-tab=\"1\" role=\"tab\" tabindex=\"0\" aria-controls=\"cronograma-de-matrculas-tab\" aria-expanded=\"false\">\n                            \n                                                                <i class=\"far fa-calendar-alt\"><\/i>                                                            \n                                                            <span class=\"eael-tab-title title-after-icon\" >Cronograma de Matr\u00edculas<\/span>                            \n                                                    <\/li>\n                                            <li id=\"requisitos\" class=\"inactive eael-tab-item-trigger eael-tab-nav-item\" aria-selected=\"false\" data-tab=\"2\" role=\"tab\" tabindex=\"-1\" aria-controls=\"requisitos-tab\" aria-expanded=\"false\">\n                            \n                                                                <i class=\"fas fa-file-export\"><\/i>                                                            \n                                                            <span class=\"eael-tab-title title-after-icon\" >Requisitos<\/span>                            \n                                                    <\/li>\n                                            <li id=\"traslados-y-reincorporaciones\" class=\"inactive eael-tab-item-trigger eael-tab-nav-item\" aria-selected=\"false\" data-tab=\"3\" role=\"tab\" tabindex=\"-1\" aria-controls=\"traslados-y-reincorporaciones-tab\" aria-expanded=\"false\">\n                            \n                                                                <i class=\"fas fa-file-contract\"><\/i>                                                            \n                                                            <span class=\"eael-tab-title title-after-icon\" >Traslados y Reincorporaciones<\/span>                            \n                                                    <\/li>\n                                    <\/ul>\n            <\/div>\n            \n            <div class=\"eael-tabs-content\">\n\t\t        \n                    <div id=\"cronograma-de-matrculas-tab\" class=\"clearfix eael-tab-content-item inactive\" data-title-link=\"cronograma-de-matrculas-tab\">\n\t\t\t\t        <table border=\"1\">\n<tbody>\n<tr style=\"text-align: center;\">\n<th>DESCRIPCI\u00d3N<\/th>\n<th>FECHAS<\/th>\n<\/tr>\n<tr>\n<td>Matr\u00edcula estudiantes pertenecientes a semestres regulares de III y V periodo acad\u00e9mico.<\/td>\n<td>del 10 de marzo del 2025 al 08 de abril del 2025<\/td>\n<\/tr>\n<tr>\n<td>Matr\u00edcula rezagados previo pago adicional del 50%.<\/td>\n<td>del 09 de abril del 2025 al 11 de abril del 2025<\/td>\n<\/tr>\n<tr>\n<td>Matr\u00edcula estudiantes ingresantes en el proceso de Admisi\u00f3n 2025.<\/td>\n<td>del 28 de abril del 2025 al 29 de abril del 2025<\/td>\n<\/tr>\n<tr>\n<td>Matr\u00edcula rezagados estudiantes ingresantes en el proceso de Admisi\u00f3n 2025, previo pago adicional del 50%.<\/td>\n<td>del 31 de abril del 2025 al 02 de mayo del 2025<\/td>\n<\/tr>\n<\/tbody>\n<\/table>                    <\/div>\n\t\t        \n                    <div id=\"requisitos-tab\" class=\"clearfix eael-tab-content-item inactive\" data-title-link=\"requisitos-tab\">\n\t\t\t\t        <style>.elementor-94931 .elementor-element.elementor-element-2cb4b48{overflow:visible;}.elementor-94931 .elementor-element.elementor-element-9bbdbd1{width:100%;max-width:100%;}<\/style>\t\t<div data-elementor-type=\"page\" data-elementor-id=\"94931\" class=\"elementor elementor-94931\">\n\t\t\t\t\t\t<section class=\"default no-position elementor-section elementor-top-section elementor-element elementor-element-2cb4b48 elementor-section-boxed elementor-section-height-default elementor-section-height-default wpr-particle-no wpr-jarallax-no wpr-parallax-no wpr-sticky-section-no\" data-id=\"2cb4b48\" data-element_type=\"section\" data-settings=\"{&quot;ekit_has_onepagescroll_dot&quot;:&quot;yes&quot;}\">\n\t\t\t\t\t\t<div class=\"elementor-container elementor-column-gap-default\">\n\t\t\t\t\t<div class=\"elementor-column elementor-col-100 elementor-top-column elementor-element elementor-element-ed01fc5\" data-id=\"ed01fc5\" data-element_type=\"column\">\n\t\t\t<div class=\"elementor-widget-wrap elementor-element-populated\">\n\t\t\t\t\t\t<div class=\"elementor-element elementor-element-9bbdbd1 elementor-widget__width-inherit elementor-widget elementor-widget-embed_file_widget_pdf\" data-id=\"9bbdbd1\" data-element_type=\"widget\" data-settings=\"{&quot;ekit_we_effect_on&quot;:&quot;none&quot;}\" data-widget_type=\"embed_file_widget_pdf.default\">\n\t\t\t\t<div class=\"elementor-widget-container\">\n\t\t\t<iframe src=\"https:\/\/docs.google.com\/viewer?url=https:\/\/iesjuli.edu.pe\/portal\/wp-content\/uploads\/2025\/04\/MATRICULAS-MPA-1.pdf&amp;embedded=true\" style=\"display: block; margin-left: auto; margin-right: auto; width: 1500px; height: 800px;\" frameborder=\"1\" marginheight=\"0px\" marginwidth=\"0px\" allowfullscreen><\/iframe>\t\t<\/div>\n\t\t\t\t<\/div>\n\t\t\t\t\t<\/div>\n\t\t<\/div>\n\t\t\t\t\t<\/div>\n\t\t<\/section>\n\t\t\t\t<\/div>\n\t\t                    <\/div>\n\t\t        \n                    <div id=\"traslados-y-reincorporaciones-tab\" class=\"clearfix eael-tab-content-item inactive\" data-title-link=\"traslados-y-reincorporaciones-tab\">\n\t\t\t\t        <style>.elementor-94940 .elementor-element.elementor-element-f9e9681{overflow:visible;}<\/style>\t\t<div data-elementor-type=\"page\" data-elementor-id=\"94940\" class=\"elementor elementor-94940\">\n\t\t\t\t\t\t<section class=\"default no-position elementor-section elementor-top-section elementor-element elementor-element-f9e9681 elementor-section-boxed elementor-section-height-default elementor-section-height-default wpr-particle-no wpr-jarallax-no wpr-parallax-no wpr-sticky-section-no\" data-id=\"f9e9681\" data-element_type=\"section\" data-settings=\"{&quot;ekit_has_onepagescroll_dot&quot;:&quot;yes&quot;}\">\n\t\t\t\t\t\t<div class=\"elementor-container elementor-column-gap-default\">\n\t\t\t\t\t<div class=\"elementor-column elementor-col-100 elementor-top-column elementor-element elementor-element-308db06\" data-id=\"308db06\" data-element_type=\"column\">\n\t\t\t<div class=\"elementor-widget-wrap elementor-element-populated\">\n\t\t\t\t\t\t<div class=\"elementor-element elementor-element-35ac7df elementor-widget elementor-widget-embed_file_widget_pdf\" data-id=\"35ac7df\" data-element_type=\"widget\" data-settings=\"{&quot;ekit_we_effect_on&quot;:&quot;none&quot;}\" data-widget_type=\"embed_file_widget_pdf.default\">\n\t\t\t\t<div class=\"elementor-widget-container\">\n\t\t\t<iframe src=\"https:\/\/docs.google.com\/viewer?url=https:\/\/iesjuli.edu.pe\/portal\/wp-content\/uploads\/2025\/04\/TRASLADOS-Y-REINCORPORACIONES-2025.pdf&amp;embedded=true\" style=\"display: block; margin-left: auto; margin-right: auto; width: 1500px; height: 800px;\" frameborder=\"1\" marginheight=\"0px\" marginwidth=\"0px\" allowfullscreen><\/iframe>\t\t<\/div>\n\t\t\t\t<\/div>\n\t\t\t\t\t<\/div>\n\t\t<\/div>\n\t\t\t\t\t<\/div>\n\t\t<\/section>\n\t\t\t\t<\/div>\n\t\t                    <\/div>\n\t\t                    <\/div>\n        <\/div>\n\t\t<\/div>\n\t\t\t\t<\/div>\n\t\t\t\t\t<\/div>\n\t\t<\/div>\n\t\t\t\t\t<\/div>\n\t\t<\/section>\n\t\t\t\t<\/div>\n\t\t","protected":false},"excerpt":{"rendered":"<p>Cronograma de Matr\u00edculas Requisitos Traslados y Reincorporaciones DESCRIPCI\u00d3N FECHAS Matr\u00edcula estudiantes pertenecientes a semestres regulares de III y V periodo acad\u00e9mico. del 10 de marzo del 2025 al 08 de abril del 2025 Matr\u00edcula rezagados previo pago adicional del 50%. del 09 de abril del 2025 al 11 de abril del 2025 Matr\u00edcula estudiantes ingresantes en el proceso de Admisi\u00f3n 2025. del 28 de abril del 2025 al 29 de abril del 2025 Matr\u00edcula rezagados estudiantes ingresantes en el proceso de Admisi\u00f3n 2025, previo pago adicional del 50%. del 31 de abril del 2025 al 02 de mayo del 2025<\/p>\n","protected":false},"author":1,"featured_media":0,"parent":0,"menu_order":0,"comment_status":"closed","ping_status":"closed","template":"","meta":{"footnotes":""},"class_list":["post-93602","page","type-page","status-publish","hentry"],"_links":{"self":[{"href":"https:\/\/iesjuli.edu.pe\/portal\/wp-json\/wp\/v2\/pages\/93602","targetHints":{"allow":["GET"]}}],"collection":[{"href":"https:\/\/iesjuli.edu.pe\/portal\/wp-json\/wp\/v2\/pages"}],"about":[{"href":"https:\/\/iesjuli.edu.pe\/portal\/wp-json\/wp\/v2\/types\/page"}],"author":[{"embeddable":true,"href":"https:\/\/iesjuli.edu.pe\/portal\/wp-json\/wp\/v2\/users\/1"}],"replies":[{"embeddable":true,"href":"https:\/\/iesjuli.edu.pe\/portal\/wp-json\/wp\/v2\/comments?post=93602"}],"version-history":[{"count":86,"href":"https:\/\/iesjuli.edu.pe\/portal\/wp-json\/wp\/v2\/pages\/93602\/revisions"}],"predecessor-version":[{"id":94995,"href":"https:\/\/iesjuli.edu.pe\/portal\/wp-json\/wp\/v2\/pages\/93602\/revisions\/94995"}],"wp:attachment":[{"href":"https:\/\/iesjuli.edu.pe\/portal\/wp-json\/wp\/v2\/media?parent=93602"}],"curies":[{"name":"wp","href":"https:\/\/api.w.org\/{rel}","templated":true}]}}