{"id":715,"date":"2022-10-28T12:20:24","date_gmt":"2022-10-28T12:20:24","guid":{"rendered":"https:\/\/iesvilcanota.edu.pe\/?page_id=715"},"modified":"2025-05-15T10:08:49","modified_gmt":"2025-05-15T15:08:49","slug":"documentos-de-gestion","status":"publish","type":"page","link":"https:\/\/iesjuli.edu.pe\/portal\/documentos-de-gestion\/","title":{"rendered":"Documentos de Gesti\u00f3n"},"content":{"rendered":"\t\t<div data-elementor-type=\"wp-page\" data-elementor-id=\"715\" class=\"elementor elementor-715\">\n\t\t\t\t\t\t<section class=\"default no-position elementor-section elementor-top-section elementor-element elementor-element-f6c06c9 elementor-section-stretched elementor-section-boxed elementor-section-height-default elementor-section-height-default wpr-particle-no wpr-jarallax-no wpr-parallax-no wpr-sticky-section-no\" data-id=\"f6c06c9\" data-element_type=\"section\" data-settings=\"{&quot;stretch_section&quot;:&quot;section-stretched&quot;,&quot;ekit_has_onepagescroll_dot&quot;:&quot;yes&quot;}\">\n\t\t\t\t\t\t<div class=\"elementor-container elementor-column-gap-default\">\n\t\t\t\t\t<div class=\"elementor-column elementor-col-100 elementor-top-column elementor-element elementor-element-c0c7b64\" data-id=\"c0c7b64\" data-element_type=\"column\">\n\t\t\t<div class=\"elementor-widget-wrap elementor-element-populated\">\n\t\t\t\t\t\t<div class=\"elementor-element elementor-element-f56d021 elementor-invisible elementor-widget elementor-widget-heading\" data-id=\"f56d021\" data-element_type=\"widget\" data-settings=\"{&quot;_animation&quot;:&quot;fadeIn&quot;,&quot;ekit_we_effect_on&quot;:&quot;none&quot;}\" data-widget_type=\"heading.default\">\n\t\t\t\t<div class=\"elementor-widget-container\">\n\t\t\t<h1 class=\"elementor-heading-title elementor-size-default\">DOCUMENTOS DE GESTI\u00d3N<\/h1>\t\t<\/div>\n\t\t\t\t<\/div>\n\t\t\t\t<section class=\"default no-position elementor-section elementor-inner-section elementor-element elementor-element-0d1a5ec elementor-section-boxed elementor-section-height-default elementor-section-height-default wpr-particle-no wpr-jarallax-no wpr-parallax-no wpr-sticky-section-no\" data-id=\"0d1a5ec\" data-element_type=\"section\" data-settings=\"{&quot;ekit_has_onepagescroll_dot&quot;:&quot;yes&quot;}\">\n\t\t\t\t\t\t<div class=\"elementor-container elementor-column-gap-default\">\n\t\t\t\t\t<div class=\"elementor-column elementor-col-100 elementor-inner-column elementor-element elementor-element-740d624\" data-id=\"740d624\" data-element_type=\"column\" data-settings=\"{&quot;background_background&quot;:&quot;classic&quot;}\">\n\t\t\t<div class=\"elementor-widget-wrap elementor-element-populated\">\n\t\t\t\t\t\t<section class=\"default no-position elementor-section elementor-inner-section elementor-element elementor-element-3df3db7 elementor-section-boxed elementor-section-height-default elementor-section-height-default wpr-particle-no wpr-jarallax-no wpr-parallax-no wpr-sticky-section-no\" data-id=\"3df3db7\" data-element_type=\"section\" data-settings=\"{&quot;background_background&quot;:&quot;classic&quot;,&quot;ekit_has_onepagescroll_dot&quot;:&quot;yes&quot;}\">\n\t\t\t\t\t\t<div class=\"elementor-container elementor-column-gap-default\">\n\t\t\t\t\t<div class=\"elementor-column elementor-col-20 elementor-inner-column elementor-element elementor-element-3b8019e\" data-id=\"3b8019e\" data-element_type=\"column\">\n\t\t\t<div class=\"elementor-widget-wrap elementor-element-populated\">\n\t\t\t\t\t\t<div class=\"elementor-element elementor-element-f9f0b7f elementor-widget elementor-widget-image\" data-id=\"f9f0b7f\" data-element_type=\"widget\" data-settings=\"{&quot;_animation&quot;:&quot;none&quot;,&quot;ekit_we_effect_on&quot;:&quot;none&quot;}\" data-widget_type=\"image.default\">\n\t\t\t\t<div class=\"elementor-widget-container\">\n\t\t\t\t\t\t\t\t\t\t<figure class=\"wp-caption\">\n\t\t\t\t\t\t\t\t\t\t\t<a href=\"https:\/\/drive.google.com\/file\/d\/1Rkw7qaGs_YonRWHJWcJsWQ-PAATuPWHu\/view?usp=sharing\" target=\"_blank\" class=\"broken_link\">\n\t\t\t\t\t\t\t<img fetchpriority=\"high\" decoding=\"async\" width=\"300\" height=\"300\" src=\"https:\/\/iesjuli.edu.pe\/portal\/wp-content\/uploads\/2024\/11\/TUPA.png\" class=\"elementor-animation-bob attachment-medium size-medium wp-image-93900\" alt=\"\" srcset=\"https:\/\/iesjuli.edu.pe\/portal\/wp-content\/uploads\/2024\/11\/TUPA.png 300w, https:\/\/iesjuli.edu.pe\/portal\/wp-content\/uploads\/2024\/11\/TUPA-150x150.png 150w, https:\/\/iesjuli.edu.pe\/portal\/wp-content\/uploads\/2024\/11\/TUPA-100x100.png 100w\" sizes=\"(max-width: 300px) 100vw, 300px\" \/>\t\t\t\t\t\t\t\t<\/a>\n\t\t\t\t\t\t\t\t\t\t\t<figcaption class=\"widget-image-caption wp-caption-text\">Texto \u00danico de Procesos Administrativos<\/figcaption>\n\t\t\t\t\t\t\t\t\t\t<\/figure>\n\t\t\t\t\t\t\t<\/div>\n\t\t\t\t<\/div>\n\t\t\t\t\t<\/div>\n\t\t<\/div>\n\t\t\t\t<div class=\"elementor-column elementor-col-20 elementor-inner-column elementor-element elementor-element-5399f86\" data-id=\"5399f86\" data-element_type=\"column\">\n\t\t\t<div class=\"elementor-widget-wrap elementor-element-populated\">\n\t\t\t\t\t\t<div class=\"elementor-element elementor-element-a30bb6d elementor-widget elementor-widget-image\" data-id=\"a30bb6d\" data-element_type=\"widget\" data-settings=\"{&quot;_animation&quot;:&quot;none&quot;,&quot;ekit_we_effect_on&quot;:&quot;none&quot;}\" data-widget_type=\"image.default\">\n\t\t\t\t<div class=\"elementor-widget-container\">\n\t\t\t\t\t\t\t\t\t\t<figure class=\"wp-caption\">\n\t\t\t\t\t\t\t\t\t\t\t<a href=\"https:\/\/drive.google.com\/file\/d\/1Sqv6_XMjYpkBVhGlX7fdjQ6qu1lcGitm\/view?usp=drive_link\" target=\"_blank\" class=\"broken_link\">\n\t\t\t\t\t\t\t<img decoding=\"async\" width=\"300\" height=\"300\" src=\"https:\/\/iesjuli.edu.pe\/portal\/wp-content\/uploads\/2025\/05\/MPP.png\" class=\"elementor-animation-bob attachment-medium size-medium wp-image-95088\" alt=\"\" \/>\t\t\t\t\t\t\t\t<\/a>\n\t\t\t\t\t\t\t\t\t\t\t<figcaption class=\"widget-image-caption wp-caption-text\">Manual de Perfil de Puestos<\/figcaption>\n\t\t\t\t\t\t\t\t\t\t<\/figure>\n\t\t\t\t\t\t\t<\/div>\n\t\t\t\t<\/div>\n\t\t\t\t\t<\/div>\n\t\t<\/div>\n\t\t\t\t<div class=\"elementor-column elementor-col-20 elementor-inner-column elementor-element elementor-element-6f88e95\" data-id=\"6f88e95\" data-element_type=\"column\">\n\t\t\t<div class=\"elementor-widget-wrap elementor-element-populated\">\n\t\t\t\t\t\t<div class=\"elementor-element elementor-element-f29313f elementor-widget elementor-widget-image\" data-id=\"f29313f\" data-element_type=\"widget\" data-settings=\"{&quot;_animation&quot;:&quot;none&quot;,&quot;ekit_we_effect_on&quot;:&quot;none&quot;}\" data-widget_type=\"image.default\">\n\t\t\t\t<div class=\"elementor-widget-container\">\n\t\t\t\t\t\t\t\t\t\t<figure class=\"wp-caption\">\n\t\t\t\t\t\t\t\t\t\t\t<a href=\"https:\/\/drive.google.com\/file\/d\/1kD0LOueBkdw4ccQVNURew-ENu59Ol0MA\/view?usp=drive_link\" target=\"_blank\" class=\"broken_link\">\n\t\t\t\t\t\t\t<img decoding=\"async\" width=\"300\" height=\"300\" src=\"https:\/\/iesjuli.edu.pe\/portal\/wp-content\/uploads\/2024\/11\/MAPRO.png\" class=\"elementor-animation-bob attachment-medium size-medium wp-image-93895\" alt=\"\" srcset=\"https:\/\/iesjuli.edu.pe\/portal\/wp-content\/uploads\/2024\/11\/MAPRO.png 300w, https:\/\/iesjuli.edu.pe\/portal\/wp-content\/uploads\/2024\/11\/MAPRO-150x150.png 150w, https:\/\/iesjuli.edu.pe\/portal\/wp-content\/uploads\/2024\/11\/MAPRO-100x100.png 100w\" sizes=\"(max-width: 300px) 100vw, 300px\" \/>\t\t\t\t\t\t\t\t<\/a>\n\t\t\t\t\t\t\t\t\t\t\t<figcaption class=\"widget-image-caption wp-caption-text\">Manual de Procesos de R\u00e9gimen Acad\u00e9mico<\/figcaption>\n\t\t\t\t\t\t\t\t\t\t<\/figure>\n\t\t\t\t\t\t\t<\/div>\n\t\t\t\t<\/div>\n\t\t\t\t\t<\/div>\n\t\t<\/div>\n\t\t\t\t<div class=\"elementor-column elementor-col-20 elementor-inner-column elementor-element elementor-element-319a469\" data-id=\"319a469\" data-element_type=\"column\">\n\t\t\t<div class=\"elementor-widget-wrap elementor-element-populated\">\n\t\t\t\t\t\t<div class=\"elementor-element elementor-element-a4cbeb5 elementor-widget elementor-widget-image\" data-id=\"a4cbeb5\" data-element_type=\"widget\" data-settings=\"{&quot;_animation&quot;:&quot;none&quot;,&quot;ekit_we_effect_on&quot;:&quot;none&quot;}\" data-widget_type=\"image.default\">\n\t\t\t\t<div class=\"elementor-widget-container\">\n\t\t\t\t\t\t\t\t\t\t<figure class=\"wp-caption\">\n\t\t\t\t\t\t\t\t\t\t\t<a href=\"https:\/\/drive.google.com\/file\/d\/1aFFvQXF1pHPUsM97sHjz9D6jddiBMJvS\/view?usp=drive_link\" target=\"_blank\" class=\"broken_link\">\n\t\t\t\t\t\t\t<img loading=\"lazy\" decoding=\"async\" width=\"300\" height=\"300\" src=\"https:\/\/iesjuli.edu.pe\/portal\/wp-content\/uploads\/2024\/11\/PEI.png\" class=\"elementor-animation-bob attachment-medium size-medium wp-image-93898\" alt=\"\" srcset=\"https:\/\/iesjuli.edu.pe\/portal\/wp-content\/uploads\/2024\/11\/PEI.png 300w, https:\/\/iesjuli.edu.pe\/portal\/wp-content\/uploads\/2024\/11\/PEI-150x150.png 150w, https:\/\/iesjuli.edu.pe\/portal\/wp-content\/uploads\/2024\/11\/PEI-100x100.png 100w\" sizes=\"(max-width: 300px) 100vw, 300px\" \/>\t\t\t\t\t\t\t\t<\/a>\n\t\t\t\t\t\t\t\t\t\t\t<figcaption class=\"widget-image-caption wp-caption-text\">Proyecto Educativo Institucional<\/figcaption>\n\t\t\t\t\t\t\t\t\t\t<\/figure>\n\t\t\t\t\t\t\t<\/div>\n\t\t\t\t<\/div>\n\t\t\t\t\t<\/div>\n\t\t<\/div>\n\t\t\t\t<div class=\"elementor-column elementor-col-20 elementor-inner-column elementor-element elementor-element-e58a609\" data-id=\"e58a609\" data-element_type=\"column\">\n\t\t\t<div class=\"elementor-widget-wrap elementor-element-populated\">\n\t\t\t\t\t\t<div class=\"elementor-element elementor-element-52b6dc5 elementor-widget elementor-widget-image\" data-id=\"52b6dc5\" data-element_type=\"widget\" data-settings=\"{&quot;_animation&quot;:&quot;none&quot;,&quot;ekit_we_effect_on&quot;:&quot;none&quot;}\" data-widget_type=\"image.default\">\n\t\t\t\t<div class=\"elementor-widget-container\">\n\t\t\t\t\t\t\t\t\t\t<figure class=\"wp-caption\">\n\t\t\t\t\t\t\t\t\t\t\t<a href=\"https:\/\/drive.google.com\/file\/d\/1TA7hvcTr3MIaTeeuUXsQhVyAjmtZov5k\/view?usp=drive_link\" target=\"_blank\" class=\"broken_link\">\n\t\t\t\t\t\t\t<img loading=\"lazy\" decoding=\"async\" width=\"300\" height=\"300\" src=\"https:\/\/iesjuli.edu.pe\/portal\/wp-content\/uploads\/2024\/11\/RI.png\" class=\"elementor-animation-bob attachment-medium size-medium wp-image-93899\" alt=\"\" srcset=\"https:\/\/iesjuli.edu.pe\/portal\/wp-content\/uploads\/2024\/11\/RI.png 300w, https:\/\/iesjuli.edu.pe\/portal\/wp-content\/uploads\/2024\/11\/RI-150x150.png 150w, https:\/\/iesjuli.edu.pe\/portal\/wp-content\/uploads\/2024\/11\/RI-100x100.png 100w\" sizes=\"(max-width: 300px) 100vw, 300px\" \/>\t\t\t\t\t\t\t\t<\/a>\n\t\t\t\t\t\t\t\t\t\t\t<figcaption class=\"widget-image-caption wp-caption-text\">Reglamento Institucional<\/figcaption>\n\t\t\t\t\t\t\t\t\t\t<\/figure>\n\t\t\t\t\t\t\t<\/div>\n\t\t\t\t<\/div>\n\t\t\t\t\t<\/div>\n\t\t<\/div>\n\t\t\t\t\t<\/div>\n\t\t<\/section>\n\t\t\t\t\t<\/div>\n\t\t<\/div>\n\t\t\t\t\t<\/div>\n\t\t<\/section>\n\t\t\t\t\t<\/div>\n\t\t<\/div>\n\t\t\t\t\t<\/div>\n\t\t<\/section>\n\t\t\t\t<\/div>\n\t\t","protected":false},"excerpt":{"rendered":"<p>DOCUMENTOS DE GESTI\u00d3N Texto \u00danico de Procesos Administrativos Manual de Perfil de Puestos Manual de Procesos de R\u00e9gimen Acad\u00e9mico Proyecto Educativo Institucional Reglamento Institucional<\/p>\n","protected":false},"author":1,"featured_media":0,"parent":0,"menu_order":0,"comment_status":"closed","ping_status":"closed","template":"elementor_header_footer","meta":{"footnotes":""},"class_list":["post-715","page","type-page","status-publish","hentry"],"_links":{"self":[{"href":"https:\/\/iesjuli.edu.pe\/portal\/wp-json\/wp\/v2\/pages\/715","targetHints":{"allow":["GET"]}}],"collection":[{"href":"https:\/\/iesjuli.edu.pe\/portal\/wp-json\/wp\/v2\/pages"}],"about":[{"href":"https:\/\/iesjuli.edu.pe\/portal\/wp-json\/wp\/v2\/types\/page"}],"author":[{"embeddable":true,"href":"https:\/\/iesjuli.edu.pe\/portal\/wp-json\/wp\/v2\/users\/1"}],"replies":[{"embeddable":true,"href":"https:\/\/iesjuli.edu.pe\/portal\/wp-json\/wp\/v2\/comments?post=715"}],"version-history":[{"count":78,"href":"https:\/\/iesjuli.edu.pe\/portal\/wp-json\/wp\/v2\/pages\/715\/revisions"}],"predecessor-version":[{"id":95436,"href":"https:\/\/iesjuli.edu.pe\/portal\/wp-json\/wp\/v2\/pages\/715\/revisions\/95436"}],"wp:attachment":[{"href":"https:\/\/iesjuli.edu.pe\/portal\/wp-json\/wp\/v2\/media?parent=715"}],"curies":[{"name":"wp","href":"https:\/\/api.w.org\/{rel}","templated":true}]}}