{"id":526,"date":"2022-10-27T20:48:14","date_gmt":"2022-10-28T01:48:14","guid":{"rendered":"https:\/\/iesvilcanota.edu.pe\/?page_id=526"},"modified":"2024-10-12T08:03:31","modified_gmt":"2024-10-12T13:03:31","slug":"mision-vision-y-valores","status":"publish","type":"page","link":"https:\/\/iesjuli.edu.pe\/portal\/mision-vision-y-valores\/","title":{"rendered":"Misi\u00f3n Visi\u00f3n y Valores"},"content":{"rendered":"\t\t<div data-elementor-type=\"wp-page\" data-elementor-id=\"526\" class=\"elementor elementor-526\">\n\t\t\t\t\t\t<section class=\"default no-position elementor-section elementor-top-section elementor-element elementor-element-9a022aa elementor-section-stretched elementor-section-boxed elementor-section-height-default elementor-section-height-default wpr-particle-no wpr-jarallax-no wpr-parallax-no wpr-sticky-section-no\" data-id=\"9a022aa\" data-element_type=\"section\" data-settings=\"{&quot;stretch_section&quot;:&quot;section-stretched&quot;,&quot;ekit_has_onepagescroll_dot&quot;:&quot;yes&quot;}\">\n\t\t\t\t\t\t<div class=\"elementor-container elementor-column-gap-default\">\n\t\t\t\t\t<div class=\"elementor-column elementor-col-100 elementor-top-column elementor-element elementor-element-117274f\" data-id=\"117274f\" data-element_type=\"column\">\n\t\t\t<div class=\"elementor-widget-wrap elementor-element-populated\">\n\t\t\t\t\t\t<section class=\"default no-position elementor-section elementor-inner-section elementor-element elementor-element-30fc8a2 elementor-section-boxed elementor-section-height-default elementor-section-height-default wpr-particle-no wpr-jarallax-no wpr-parallax-no wpr-sticky-section-no\" data-id=\"30fc8a2\" data-element_type=\"section\" data-settings=\"{&quot;ekit_has_onepagescroll_dot&quot;:&quot;yes&quot;}\">\n\t\t\t\t\t\t<div class=\"elementor-container elementor-column-gap-default\">\n\t\t\t\t\t<div class=\"elementor-column elementor-col-50 elementor-inner-column elementor-element elementor-element-fdbe0ff\" data-id=\"fdbe0ff\" data-element_type=\"column\">\n\t\t\t<div class=\"elementor-widget-wrap elementor-element-populated\">\n\t\t\t\t\t\t<div class=\"elementor-element elementor-element-bf1977c elementor-invisible elementor-widget elementor-widget-heading\" data-id=\"bf1977c\" data-element_type=\"widget\" data-settings=\"{&quot;_animation&quot;:&quot;fadeIn&quot;,&quot;ekit_we_effect_on&quot;:&quot;none&quot;}\" data-widget_type=\"heading.default\">\n\t\t\t\t<div class=\"elementor-widget-container\">\n\t\t\t<h2 class=\"elementor-heading-title elementor-size-default\">MISI\u00d3N INSTITUCIONAL<\/h2>\t\t<\/div>\n\t\t\t\t<\/div>\n\t\t\t\t<div class=\"elementor-element elementor-element-d615932 elementor-widget-divider--separator-type-pattern elementor-widget-divider--view-line elementor-widget elementor-widget-divider\" data-id=\"d615932\" data-element_type=\"widget\" data-settings=\"{&quot;ekit_we_effect_on&quot;:&quot;none&quot;}\" data-widget_type=\"divider.default\">\n\t\t\t\t<div class=\"elementor-widget-container\">\n\t\t\t\t\t<div class=\"elementor-divider\" style=\"--divider-pattern-url: url(&quot;data:image\/svg+xml,%3Csvg xmlns=&#039;http:\/\/www.w3.org\/2000\/svg&#039; preserveAspectRatio=&#039;none&#039; overflow=&#039;visible&#039; height=&#039;100%&#039; viewBox=&#039;0 0 20 16&#039; fill=&#039;none&#039; stroke=&#039;black&#039; stroke-width=&#039;1.6&#039; stroke-linecap=&#039;square&#039; stroke-miterlimit=&#039;10&#039;%3E%3Cg transform=&#039;translate(-12.000000, 0)&#039;%3E%3Cpath d=&#039;M28,0L10,18&#039;\/%3E%3Cpath d=&#039;M18,0L0,18&#039;\/%3E%3Cpath d=&#039;M48,0L30,18&#039;\/%3E%3Cpath d=&#039;M38,0L20,18&#039;\/%3E%3C\/g%3E%3C\/svg%3E&quot;);\">\n\t\t\t<span class=\"elementor-divider-separator\">\n\t\t\t\t\t\t<\/span>\n\t\t<\/div>\n\t\t\t\t<\/div>\n\t\t\t\t<\/div>\n\t\t\t\t<div class=\"elementor-element elementor-element-b21d4bb elementor-widget elementor-widget-text-editor\" data-id=\"b21d4bb\" data-element_type=\"widget\" data-settings=\"{&quot;ekit_we_effect_on&quot;:&quot;none&quot;}\" data-widget_type=\"text-editor.default\">\n\t\t\t\t<div class=\"elementor-widget-container\">\n\t\t\t\t\t\t\t<p style=\"color: #000080; font-size: 20px; font-weight: bold;\">\u00abSomos una instituci\u00f3n que forma profesionales t\u00e9cnicos competitivos, innovadores, emprendedores con conciencia human\u00edstica que contribuye con el desarrollo sostenible de la\u00a0\nregi\u00f3n y el pa\u00eds\u00bb.<\/p>\t\t\t\t\t\t<\/div>\n\t\t\t\t<\/div>\n\t\t\t\t\t<\/div>\n\t\t<\/div>\n\t\t\t\t<div class=\"elementor-column elementor-col-50 elementor-inner-column elementor-element elementor-element-b168c89\" data-id=\"b168c89\" data-element_type=\"column\">\n\t\t\t<div class=\"elementor-widget-wrap elementor-element-populated\">\n\t\t\t\t\t\t<div class=\"elementor-element elementor-element-ed70baf elementor-widget elementor-widget-image\" data-id=\"ed70baf\" data-element_type=\"widget\" data-settings=\"{&quot;ekit_we_effect_on&quot;:&quot;none&quot;}\" data-widget_type=\"image.default\">\n\t\t\t\t<div class=\"elementor-widget-container\">\n\t\t\t\t\t\t\t\t\t\t\t\t\t<img fetchpriority=\"high\" decoding=\"async\" width=\"640\" height=\"280\" src=\"https:\/\/iesjuli.edu.pe\/portal\/wp-content\/uploads\/2024\/10\/mision1.png\" class=\"attachment-large size-large wp-image-92876\" alt=\"\" srcset=\"https:\/\/iesjuli.edu.pe\/portal\/wp-content\/uploads\/2024\/10\/mision1.png 644w, https:\/\/iesjuli.edu.pe\/portal\/wp-content\/uploads\/2024\/10\/mision1-300x131.png 300w\" sizes=\"(max-width: 640px) 100vw, 640px\" \/>\t\t\t\t\t\t\t\t\t\t\t\t\t<\/div>\n\t\t\t\t<\/div>\n\t\t\t\t\t<\/div>\n\t\t<\/div>\n\t\t\t\t\t<\/div>\n\t\t<\/section>\n\t\t\t\t\t<\/div>\n\t\t<\/div>\n\t\t\t\t\t<\/div>\n\t\t<\/section>\n\t\t\t\t<section class=\"default no-position elementor-section elementor-top-section elementor-element elementor-element-8b11121 elementor-section-stretched elementor-section-boxed elementor-section-height-default elementor-section-height-default wpr-particle-no wpr-jarallax-no wpr-parallax-no wpr-sticky-section-no\" data-id=\"8b11121\" data-element_type=\"section\" data-settings=\"{&quot;stretch_section&quot;:&quot;section-stretched&quot;,&quot;ekit_has_onepagescroll_dot&quot;:&quot;yes&quot;}\">\n\t\t\t\t\t\t<div class=\"elementor-container elementor-column-gap-default\">\n\t\t\t\t\t<div class=\"elementor-column elementor-col-100 elementor-top-column elementor-element elementor-element-51ba141\" data-id=\"51ba141\" data-element_type=\"column\">\n\t\t\t<div class=\"elementor-widget-wrap elementor-element-populated\">\n\t\t\t\t\t\t<section class=\"default no-position elementor-section elementor-inner-section elementor-element elementor-element-d845b60 elementor-section-boxed elementor-section-height-default elementor-section-height-default wpr-particle-no wpr-jarallax-no wpr-parallax-no wpr-sticky-section-no\" data-id=\"d845b60\" data-element_type=\"section\" data-settings=\"{&quot;ekit_has_onepagescroll_dot&quot;:&quot;yes&quot;}\">\n\t\t\t\t\t\t<div class=\"elementor-container elementor-column-gap-default\">\n\t\t\t\t\t<div class=\"elementor-column elementor-col-50 elementor-inner-column elementor-element elementor-element-1547393\" data-id=\"1547393\" data-element_type=\"column\">\n\t\t\t<div class=\"elementor-widget-wrap elementor-element-populated\">\n\t\t\t\t\t\t<div class=\"elementor-element elementor-element-c621221 elementor-widget elementor-widget-image\" data-id=\"c621221\" data-element_type=\"widget\" data-settings=\"{&quot;ekit_we_effect_on&quot;:&quot;none&quot;}\" data-widget_type=\"image.default\">\n\t\t\t\t<div class=\"elementor-widget-container\">\n\t\t\t\t\t\t\t\t\t\t\t\t\t<img decoding=\"async\" width=\"640\" height=\"283\" src=\"https:\/\/iesjuli.edu.pe\/portal\/wp-content\/uploads\/2024\/10\/vision.png\" class=\"attachment-large size-large wp-image-92877\" alt=\"\" srcset=\"https:\/\/iesjuli.edu.pe\/portal\/wp-content\/uploads\/2024\/10\/vision.png 644w, https:\/\/iesjuli.edu.pe\/portal\/wp-content\/uploads\/2024\/10\/vision-300x133.png 300w\" sizes=\"(max-width: 640px) 100vw, 640px\" \/>\t\t\t\t\t\t\t\t\t\t\t\t\t<\/div>\n\t\t\t\t<\/div>\n\t\t\t\t\t<\/div>\n\t\t<\/div>\n\t\t\t\t<div class=\"elementor-column elementor-col-50 elementor-inner-column elementor-element elementor-element-369ce9c\" data-id=\"369ce9c\" data-element_type=\"column\">\n\t\t\t<div class=\"elementor-widget-wrap elementor-element-populated\">\n\t\t\t\t\t\t<div class=\"elementor-element elementor-element-16b11dc elementor-invisible elementor-widget elementor-widget-heading\" data-id=\"16b11dc\" data-element_type=\"widget\" data-settings=\"{&quot;_animation&quot;:&quot;fadeIn&quot;,&quot;ekit_we_effect_on&quot;:&quot;none&quot;}\" data-widget_type=\"heading.default\">\n\t\t\t\t<div class=\"elementor-widget-container\">\n\t\t\t<h2 class=\"elementor-heading-title elementor-size-default\">VISI\u00d3N INSTITUCIONAL<\/h2>\t\t<\/div>\n\t\t\t\t<\/div>\n\t\t\t\t<div class=\"elementor-element elementor-element-7d2f599 elementor-widget-divider--separator-type-pattern elementor-widget-divider--view-line elementor-widget elementor-widget-divider\" data-id=\"7d2f599\" data-element_type=\"widget\" data-settings=\"{&quot;ekit_we_effect_on&quot;:&quot;none&quot;}\" data-widget_type=\"divider.default\">\n\t\t\t\t<div class=\"elementor-widget-container\">\n\t\t\t\t\t<div class=\"elementor-divider\" style=\"--divider-pattern-url: url(&quot;data:image\/svg+xml,%3Csvg xmlns=&#039;http:\/\/www.w3.org\/2000\/svg&#039; preserveAspectRatio=&#039;none&#039; overflow=&#039;visible&#039; height=&#039;100%&#039; viewBox=&#039;0 0 20 16&#039; fill=&#039;none&#039; stroke=&#039;black&#039; stroke-width=&#039;1.6&#039; stroke-linecap=&#039;square&#039; stroke-miterlimit=&#039;10&#039;%3E%3Cg transform=&#039;translate(-12.000000, 0)&#039;%3E%3Cpath d=&#039;M28,0L10,18&#039;\/%3E%3Cpath d=&#039;M18,0L0,18&#039;\/%3E%3Cpath d=&#039;M48,0L30,18&#039;\/%3E%3Cpath d=&#039;M38,0L20,18&#039;\/%3E%3C\/g%3E%3C\/svg%3E&quot;);\">\n\t\t\t<span class=\"elementor-divider-separator\">\n\t\t\t\t\t\t<\/span>\n\t\t<\/div>\n\t\t\t\t<\/div>\n\t\t\t\t<\/div>\n\t\t\t\t<div class=\"elementor-element elementor-element-f2a237a elementor-widget elementor-widget-text-editor\" data-id=\"f2a237a\" data-element_type=\"widget\" data-settings=\"{&quot;ekit_we_effect_on&quot;:&quot;none&quot;}\" data-widget_type=\"text-editor.default\">\n\t\t\t\t<div class=\"elementor-widget-container\">\n\t\t\t\t\t\t\t<p style=\"color: #000080; font-size: 20px; font-weight: bold;\">\u00abSer una IES licenciada, reconocida como excelencia en la formaci\u00f3n de profesionales t\u00e9cnicos competitivos, que desarrollen innovaci\u00f3n tecnol\u00f3gica, contribuyendo al progreso de la regi\u00f3n y del pa\u00eds\u00bb.<\/p>\t\t\t\t\t\t<\/div>\n\t\t\t\t<\/div>\n\t\t\t\t\t<\/div>\n\t\t<\/div>\n\t\t\t\t\t<\/div>\n\t\t<\/section>\n\t\t\t\t\t<\/div>\n\t\t<\/div>\n\t\t\t\t\t<\/div>\n\t\t<\/section>\n\t\t\t\t<section class=\"default no-position elementor-section elementor-top-section elementor-element elementor-element-f787e4c elementor-section-boxed elementor-section-height-default elementor-section-height-default wpr-particle-no wpr-jarallax-no wpr-parallax-no wpr-sticky-section-no\" data-id=\"f787e4c\" data-element_type=\"section\" data-settings=\"{&quot;ekit_has_onepagescroll_dot&quot;:&quot;yes&quot;}\">\n\t\t\t\t\t\t<div class=\"elementor-container elementor-column-gap-default\">\n\t\t\t\t\t<div class=\"elementor-column elementor-col-100 elementor-top-column elementor-element elementor-element-c64804f\" data-id=\"c64804f\" data-element_type=\"column\">\n\t\t\t<div class=\"elementor-widget-wrap elementor-element-populated\">\n\t\t\t\t\t\t<div class=\"elementor-element elementor-element-eea431d elementor-invisible elementor-widget elementor-widget-heading\" data-id=\"eea431d\" data-element_type=\"widget\" data-settings=\"{&quot;_animation&quot;:&quot;fadeIn&quot;,&quot;ekit_we_effect_on&quot;:&quot;none&quot;}\" data-widget_type=\"heading.default\">\n\t\t\t\t<div class=\"elementor-widget-container\">\n\t\t\t<h2 class=\"elementor-heading-title elementor-size-default\">PRINCIPIOS INSTITUCIONALES<\/h2>\t\t<\/div>\n\t\t\t\t<\/div>\n\t\t\t\t<div class=\"elementor-element elementor-element-8657716 elementor-widget-divider--separator-type-pattern elementor-widget-divider--view-line elementor-widget elementor-widget-divider\" data-id=\"8657716\" data-element_type=\"widget\" data-settings=\"{&quot;ekit_we_effect_on&quot;:&quot;none&quot;}\" data-widget_type=\"divider.default\">\n\t\t\t\t<div class=\"elementor-widget-container\">\n\t\t\t\t\t<div class=\"elementor-divider\" style=\"--divider-pattern-url: url(&quot;data:image\/svg+xml,%3Csvg xmlns=&#039;http:\/\/www.w3.org\/2000\/svg&#039; preserveAspectRatio=&#039;none&#039; overflow=&#039;visible&#039; height=&#039;100%&#039; viewBox=&#039;0 0 20 16&#039; fill=&#039;none&#039; stroke=&#039;black&#039; stroke-width=&#039;1.6&#039; stroke-linecap=&#039;square&#039; stroke-miterlimit=&#039;10&#039;%3E%3Cg transform=&#039;translate(-12.000000, 0)&#039;%3E%3Cpath d=&#039;M28,0L10,18&#039;\/%3E%3Cpath d=&#039;M18,0L0,18&#039;\/%3E%3Cpath d=&#039;M48,0L30,18&#039;\/%3E%3Cpath d=&#039;M38,0L20,18&#039;\/%3E%3C\/g%3E%3C\/svg%3E&quot;);\">\n\t\t\t<span class=\"elementor-divider-separator\">\n\t\t\t\t\t\t<\/span>\n\t\t<\/div>\n\t\t\t\t<\/div>\n\t\t\t\t<\/div>\n\t\t\t\t<div class=\"elementor-element elementor-element-ca4c254 elementor-widget elementor-widget-text-editor\" data-id=\"ca4c254\" data-element_type=\"widget\" data-settings=\"{&quot;ekit_we_effect_on&quot;:&quot;none&quot;}\" data-widget_type=\"text-editor.default\">\n\t\t\t\t<div class=\"elementor-widget-container\">\n\t\t\t\t\t\t\t<ul style=\"font-size:18px\">\n \t<li><span style=\"color: #000080;\"><strong>Calidad educativa.-<\/strong> Capacidad de la Educaci\u00f3n Superior para adecuarse a las demandas del entorno y, a la vez, trabajar en una previsi\u00f3n de necesidades futuras, tomando en cuenta el entorno laboral, social, cultural y personal de los beneficiarios de manera inclusiva, asequible y accesible. Valora los resultados que alcanza la instituci\u00f3n con el aprendizaje de los estudiantes y en el reconocimiento de estos por parte de su medio social, laboral y cultural.<\/span><\/li>\n \t<li><span style=\"color: #000080;\"><strong>Pertinencia.-<\/strong> Relaciona la oferta educativa con la demanda del sector productivo y educativo, las necesidades de desarrollo local y regional, y las necesidades de servicios a nivel local, regional, nacional e internacional.<\/span><\/li>\n \t<li><span style=\"color: #000080;\"><strong>Flexibilidad.-<\/strong> Permite el tr\u00e1nsito entre los diversos niveles de calificaci\u00f3n en el mundo educativo y del trabajo, as\u00ed como la permeabilidad con los cambios del entorno social.<\/span><\/li>\n \t<li><span style=\"color: #000080;\"><strong>Inclusi\u00f3n social.-<\/strong> Permite que todas las personas, sin discriminaci\u00f3n, ejerzan sus derechos, aprovechen sus habilidades, potencien sus identidades y tomen ventaja de las oportunidades que les ofrezca su medio, accediendo a servicios p\u00fablicos de calidad, de manera que los factores culturales, econ\u00f3micos, sociales, \u00e9tnicos y geogr\u00e1ficos se constituyan en facilitadores para el acceso a la educaci\u00f3n superior.<\/span><\/li>\n \t<li><span style=\"color: #000080;\"><strong>Transparencia.-<\/strong> La Educaci\u00f3n Superior requiere sistemas de informaci\u00f3n y comunicaci\u00f3n accesibles, transparentes, \u00e1giles y actualizadas que faciliten la toma de decisi\u00f3n en las distintas instancias y que permitan el desarrollo de actividades de manera informada y orientada a los procesos de mejora continua, tanto a nivel institucional como a nivel de la oferta.<\/span><\/li>\n \t<li><span style=\"color: #000080;\"><strong>Equidad.-<\/strong> Busca que el servicio educativo alcance a todas las personas, evitando situaciones de discriminaci\u00f3n y desigualdad por motivo de origen, raza, sexo, idioma, religi\u00f3n, opini\u00f3n, condici\u00f3n econ\u00f3mica o de cualquier otra \u00edndole. Asimismo, promueve las pol\u00edticas de reconocimiento positivo de la diversidad cultural, para ello garantizan los ajustes razonables que permitan el acceso y permanencia de poblaciones en vulnerabilidad o discapacidad.<\/span><\/li>\n \t<li><span style=\"color: #000080;\"><strong>M\u00e9rito.-<\/strong> Busca el reconocimiento de los logros mediante mecanismos transparentes que permitan el desarrollo personal y profesional.<\/span><\/li>\n \t<li><span style=\"color: #000080;\"><strong>Interculturalidad.-<\/strong> Asume como riqueza la diversidad cultural, \u00e9tnica y ling\u00fc\u00edstica del pa\u00eds, y encuentra en el reconocimiento y respeto a las diferencias, as\u00ed como en el mutuo conocimiento y actitud de aprendizaje, sustento para la convivencia arm\u00f3nica y el intercambio entre las diversas culturas del mundo.<\/span><\/li>\n<\/ul>\t\t\t\t\t\t<\/div>\n\t\t\t\t<\/div>\n\t\t\t\t\t<\/div>\n\t\t<\/div>\n\t\t\t\t\t<\/div>\n\t\t<\/section>\n\t\t\t\t<section class=\"default no-position elementor-section elementor-top-section elementor-element elementor-element-39e11fe elementor-section-boxed elementor-section-height-default elementor-section-height-default wpr-particle-no wpr-jarallax-no wpr-parallax-no wpr-sticky-section-no\" data-id=\"39e11fe\" data-element_type=\"section\" data-settings=\"{&quot;ekit_has_onepagescroll_dot&quot;:&quot;yes&quot;}\">\n\t\t\t\t\t\t<div class=\"elementor-container elementor-column-gap-default\">\n\t\t\t\t\t<div class=\"elementor-column elementor-col-100 elementor-top-column elementor-element elementor-element-9a3cfc6\" data-id=\"9a3cfc6\" data-element_type=\"column\">\n\t\t\t<div class=\"elementor-widget-wrap elementor-element-populated\">\n\t\t\t\t\t\t<div class=\"elementor-element elementor-element-d7a2f0e elementor-invisible elementor-widget elementor-widget-heading\" data-id=\"d7a2f0e\" data-element_type=\"widget\" data-settings=\"{&quot;_animation&quot;:&quot;fadeIn&quot;,&quot;ekit_we_effect_on&quot;:&quot;none&quot;}\" data-widget_type=\"heading.default\">\n\t\t\t\t<div class=\"elementor-widget-container\">\n\t\t\t<h2 class=\"elementor-heading-title elementor-size-default\">VALORES INSTITUCIONALES<\/h2>\t\t<\/div>\n\t\t\t\t<\/div>\n\t\t\t\t<div class=\"elementor-element elementor-element-909b7db elementor-widget-divider--separator-type-pattern elementor-widget-divider--view-line elementor-widget elementor-widget-divider\" data-id=\"909b7db\" data-element_type=\"widget\" data-settings=\"{&quot;ekit_we_effect_on&quot;:&quot;none&quot;}\" data-widget_type=\"divider.default\">\n\t\t\t\t<div class=\"elementor-widget-container\">\n\t\t\t\t\t<div class=\"elementor-divider\" style=\"--divider-pattern-url: url(&quot;data:image\/svg+xml,%3Csvg xmlns=&#039;http:\/\/www.w3.org\/2000\/svg&#039; preserveAspectRatio=&#039;none&#039; overflow=&#039;visible&#039; height=&#039;100%&#039; viewBox=&#039;0 0 20 16&#039; fill=&#039;none&#039; stroke=&#039;black&#039; stroke-width=&#039;1.6&#039; stroke-linecap=&#039;square&#039; stroke-miterlimit=&#039;10&#039;%3E%3Cg transform=&#039;translate(-12.000000, 0)&#039;%3E%3Cpath d=&#039;M28,0L10,18&#039;\/%3E%3Cpath d=&#039;M18,0L0,18&#039;\/%3E%3Cpath d=&#039;M48,0L30,18&#039;\/%3E%3Cpath d=&#039;M38,0L20,18&#039;\/%3E%3C\/g%3E%3C\/svg%3E&quot;);\">\n\t\t\t<span class=\"elementor-divider-separator\">\n\t\t\t\t\t\t<\/span>\n\t\t<\/div>\n\t\t\t\t<\/div>\n\t\t\t\t<\/div>\n\t\t\t\t<div class=\"elementor-element elementor-element-195b2eb elementor-widget elementor-widget-text-editor\" data-id=\"195b2eb\" data-element_type=\"widget\" data-settings=\"{&quot;ekit_we_effect_on&quot;:&quot;none&quot;}\" data-widget_type=\"text-editor.default\">\n\t\t\t\t<div class=\"elementor-widget-container\">\n\t\t\t\t\t\t\t<ul style=\"font-size: 18px;\"><li><span style=\"color: #000080;\"><strong>Respeto:<\/strong> Fomentar el respeto por la diversidad cultural, \u00e9tnica, religiosa, de g\u00e9nero, entre otras.<\/span><\/li><li><span style=\"color: #000080;\"><strong>Identidad institucional:<\/strong> Generaremos una imagen de la instituci\u00f3n en nuestros usuarios con servicio de calidad acad\u00e9mica<\/span><\/li><li><span style=\"color: #000080;\"><strong>Responsabilidad:<\/strong> Implica cumplimiento de los deberes del personal jer\u00e1rquico, docentes, administrativos y estudiantes<\/span><\/li><li><span style=\"color: #000080;\"><strong>Puntualidad:<\/strong> Asumimos este valor como la virtud de coordinarse cronol\u00f3gicamente para cumplir una tarea requerida.<\/span><\/li><\/ul>\t\t\t\t\t\t<\/div>\n\t\t\t\t<\/div>\n\t\t\t\t\t<\/div>\n\t\t<\/div>\n\t\t\t\t\t<\/div>\n\t\t<\/section>\n\t\t\t\t<\/div>\n\t\t","protected":false},"excerpt":{"rendered":"<p>MISI\u00d3N INSTITUCIONAL \u00abSomos una instituci\u00f3n que forma profesionales t\u00e9cnicos competitivos, innovadores, emprendedores con conciencia human\u00edstica que contribuye con el desarrollo sostenible de la\u00a0 regi\u00f3n y el pa\u00eds\u00bb. VISI\u00d3N INSTITUCIONAL \u00abSer una IES licenciada, reconocida como excelencia en la formaci\u00f3n de profesionales t\u00e9cnicos competitivos, que desarrollen innovaci\u00f3n tecnol\u00f3gica, contribuyendo al progreso de la regi\u00f3n y del pa\u00eds\u00bb. PRINCIPIOS INSTITUCIONALES Calidad educativa.- Capacidad de la Educaci\u00f3n Superior para adecuarse a las demandas del entorno y, a la vez, trabajar en una previsi\u00f3n de necesidades futuras, tomando en cuenta el entorno laboral, social, cultural y personal de los beneficiarios de manera inclusiva, asequible y accesible. Valora los resultados que alcanza la instituci\u00f3n con el aprendizaje de los estudiantes y en el reconocimiento de estos por parte de su medio social, laboral y cultural. Pertinencia.- Relaciona la oferta educativa con la demanda del sector productivo y educativo, las necesidades de desarrollo local y regional, y las necesidades de servicios a nivel local, regional, nacional e internacional. Flexibilidad.- Permite el tr\u00e1nsito entre los diversos niveles de calificaci\u00f3n en el mundo educativo y del trabajo, as\u00ed como la permeabilidad con los cambios del entorno social. Inclusi\u00f3n social.- Permite que todas las personas, sin discriminaci\u00f3n, ejerzan sus derechos, aprovechen sus habilidades, potencien sus identidades y tomen ventaja de las oportunidades que les ofrezca su medio, accediendo a servicios p\u00fablicos de calidad, de manera que los factores culturales, econ\u00f3micos, sociales, \u00e9tnicos y geogr\u00e1ficos se constituyan en facilitadores para el acceso a la educaci\u00f3n superior. Transparencia.- La Educaci\u00f3n Superior requiere sistemas de informaci\u00f3n y comunicaci\u00f3n accesibles, transparentes, \u00e1giles y actualizadas que faciliten la toma de decisi\u00f3n en las distintas instancias y que permitan el desarrollo de actividades de manera informada y orientada a los procesos de mejora continua, tanto a nivel institucional como a nivel de la oferta. Equidad.- Busca que el servicio educativo alcance a todas las personas, evitando situaciones de discriminaci\u00f3n y desigualdad por motivo de origen, raza, sexo, idioma, religi\u00f3n, opini\u00f3n, condici\u00f3n econ\u00f3mica o de cualquier otra \u00edndole. Asimismo, promueve las pol\u00edticas de reconocimiento positivo de la diversidad cultural, para ello garantizan los ajustes razonables que permitan el acceso y permanencia de poblaciones en vulnerabilidad o discapacidad. M\u00e9rito.- Busca el reconocimiento de los logros mediante mecanismos transparentes que permitan el desarrollo personal y profesional. Interculturalidad.- Asume como riqueza la diversidad cultural, \u00e9tnica y ling\u00fc\u00edstica del pa\u00eds, y encuentra en el reconocimiento y respeto a las diferencias, as\u00ed como en el mutuo conocimiento y actitud de aprendizaje, sustento para la convivencia arm\u00f3nica y el intercambio entre las diversas culturas del mundo. VALORES INSTITUCIONALES Respeto: Fomentar el respeto por la diversidad cultural, \u00e9tnica, religiosa, de g\u00e9nero, entre otras. Identidad institucional: Generaremos una imagen de la instituci\u00f3n en nuestros usuarios con servicio de calidad acad\u00e9mica Responsabilidad: Implica cumplimiento de los deberes del personal jer\u00e1rquico, docentes, administrativos y estudiantes Puntualidad: Asumimos este valor como la virtud de coordinarse cronol\u00f3gicamente para cumplir una tarea requerida.<\/p>\n","protected":false},"author":1,"featured_media":0,"parent":0,"menu_order":0,"comment_status":"closed","ping_status":"closed","template":"elementor_header_footer","meta":{"footnotes":""},"class_list":["post-526","page","type-page","status-publish","hentry"],"_links":{"self":[{"href":"https:\/\/iesjuli.edu.pe\/portal\/wp-json\/wp\/v2\/pages\/526","targetHints":{"allow":["GET"]}}],"collection":[{"href":"https:\/\/iesjuli.edu.pe\/portal\/wp-json\/wp\/v2\/pages"}],"about":[{"href":"https:\/\/iesjuli.edu.pe\/portal\/wp-json\/wp\/v2\/types\/page"}],"author":[{"embeddable":true,"href":"https:\/\/iesjuli.edu.pe\/portal\/wp-json\/wp\/v2\/users\/1"}],"replies":[{"embeddable":true,"href":"https:\/\/iesjuli.edu.pe\/portal\/wp-json\/wp\/v2\/comments?post=526"}],"version-history":[{"count":36,"href":"https:\/\/iesjuli.edu.pe\/portal\/wp-json\/wp\/v2\/pages\/526\/revisions"}],"predecessor-version":[{"id":92880,"href":"https:\/\/iesjuli.edu.pe\/portal\/wp-json\/wp\/v2\/pages\/526\/revisions\/92880"}],"wp:attachment":[{"href":"https:\/\/iesjuli.edu.pe\/portal\/wp-json\/wp\/v2\/media?parent=526"}],"curies":[{"name":"wp","href":"https:\/\/api.w.org\/{rel}","templated":true}]}}