{"id":1941,"date":"2022-11-23T14:05:50","date_gmt":"2022-11-23T14:05:50","guid":{"rendered":"https:\/\/iesanta.edu.pe\/portal\/?page_id=1941"},"modified":"2025-10-19T23:35:29","modified_gmt":"2025-10-20T04:35:29","slug":"presentacion","status":"publish","type":"page","link":"https:\/\/iesjuli.edu.pe\/portal\/presentacion\/","title":{"rendered":"Presentaci\u00f3n"},"content":{"rendered":"\t\t<div data-elementor-type=\"wp-page\" data-elementor-id=\"1941\" class=\"elementor elementor-1941\">\n\t\t\t\t\t\t<section class=\"default no-position elementor-section elementor-top-section elementor-element elementor-element-332f3fc elementor-section-stretched elementor-section-boxed elementor-section-height-default elementor-section-height-default wpr-particle-no wpr-jarallax-no wpr-parallax-no wpr-sticky-section-no\" data-id=\"332f3fc\" data-element_type=\"section\" data-settings=\"{&quot;stretch_section&quot;:&quot;section-stretched&quot;,&quot;ekit_has_onepagescroll_dot&quot;:&quot;yes&quot;}\">\n\t\t\t\t\t\t<div class=\"elementor-container elementor-column-gap-default\">\n\t\t\t\t\t<div class=\"elementor-column elementor-col-100 elementor-top-column elementor-element elementor-element-cdf78c0\" data-id=\"cdf78c0\" data-element_type=\"column\">\n\t\t\t<div class=\"elementor-widget-wrap elementor-element-populated\">\n\t\t\t\t\t\t<section class=\"default no-position elementor-section elementor-inner-section elementor-element elementor-element-d86b410 elementor-section-boxed elementor-section-height-default elementor-section-height-default wpr-particle-no wpr-jarallax-no wpr-parallax-no wpr-sticky-section-no\" data-id=\"d86b410\" data-element_type=\"section\" data-settings=\"{&quot;background_background&quot;:&quot;classic&quot;,&quot;ekit_has_onepagescroll_dot&quot;:&quot;yes&quot;}\">\n\t\t\t\t\t\t\t<div class=\"elementor-background-overlay\"><\/div>\n\t\t\t\t\t\t\t<div class=\"elementor-container elementor-column-gap-default\">\n\t\t\t\t\t<div class=\"elementor-column elementor-col-50 elementor-inner-column elementor-element elementor-element-1f3535e\" data-id=\"1f3535e\" data-element_type=\"column\" data-settings=\"{&quot;background_background&quot;:&quot;classic&quot;}\">\n\t\t\t<div class=\"elementor-widget-wrap elementor-element-populated\">\n\t\t\t\t\t\t<div class=\"elementor-element elementor-element-f2fdbd4 elementor-invisible elementor-widget elementor-widget-heading\" data-id=\"f2fdbd4\" data-element_type=\"widget\" data-settings=\"{&quot;_animation&quot;:&quot;fadeIn&quot;,&quot;ekit_we_effect_on&quot;:&quot;none&quot;}\" data-widget_type=\"heading.default\">\n\t\t\t\t<div class=\"elementor-widget-container\">\n\t\t\t<h1 class=\"elementor-heading-title elementor-size-default\">PRESENTACI\u00d3N<\/h1>\t\t<\/div>\n\t\t\t\t<\/div>\n\t\t\t\t<div class=\"elementor-element elementor-element-162f1ee elementor-widget-divider--separator-type-pattern elementor-widget-divider--view-line elementor-widget elementor-widget-divider\" data-id=\"162f1ee\" data-element_type=\"widget\" data-settings=\"{&quot;ekit_we_effect_on&quot;:&quot;none&quot;}\" data-widget_type=\"divider.default\">\n\t\t\t\t<div class=\"elementor-widget-container\">\n\t\t\t\t\t<div class=\"elementor-divider\" style=\"--divider-pattern-url: url(&quot;data:image\/svg+xml,%3Csvg xmlns=&#039;http:\/\/www.w3.org\/2000\/svg&#039; preserveAspectRatio=&#039;none&#039; overflow=&#039;visible&#039; height=&#039;100%&#039; viewBox=&#039;0 0 20 16&#039; fill=&#039;none&#039; stroke=&#039;black&#039; stroke-width=&#039;1.6&#039; stroke-linecap=&#039;square&#039; stroke-miterlimit=&#039;10&#039;%3E%3Cg transform=&#039;translate(-12.000000, 0)&#039;%3E%3Cpath d=&#039;M28,0L10,18&#039;\/%3E%3Cpath d=&#039;M18,0L0,18&#039;\/%3E%3Cpath d=&#039;M48,0L30,18&#039;\/%3E%3Cpath d=&#039;M38,0L20,18&#039;\/%3E%3C\/g%3E%3C\/svg%3E&quot;);\">\n\t\t\t<span class=\"elementor-divider-separator\">\n\t\t\t\t\t\t<\/span>\n\t\t<\/div>\n\t\t\t\t<\/div>\n\t\t\t\t<\/div>\n\t\t\t\t<div class=\"elementor-element elementor-element-0b2eca4 elementor-widget elementor-widget-text-editor\" data-id=\"0b2eca4\" data-element_type=\"widget\" data-settings=\"{&quot;ekit_we_effect_on&quot;:&quot;none&quot;}\" data-widget_type=\"text-editor.default\">\n\t\t\t\t<div class=\"elementor-widget-container\">\n\t\t\t\t\t\t\t<span style=\"color: #000080;\">El Instituto de Educaci\u00f3n Superior Tecnol\u00f3gico P\u00fablico Juli se destaca por ser una instituci\u00f3n l\u00edder en la formaci\u00f3n de profesionales t\u00e9cnicos altamente capacitados, comprometidos con el desarrollo econ\u00f3mico y social de la Regi\u00f3n de Puno y del Per\u00fa. Con un enfoque en la excelencia acad\u00e9mica, brindamos una formaci\u00f3n de calidad que combina conocimientos te\u00f3ricos y pr\u00e1cticos, adaptados a las demandas del mercado laboral.<\/span>\n\n<span style=\"color: #000080;\">Nuestros <strong>Programas de Estudio<\/strong>\u00a0son:<\/span>\n<ul>\n \t<li><span style=\"color: #000080;\">Producci\u00f3n Agropecuaria<\/span><\/li>\n \t<li><span style=\"color: #000080;\">Enfermer\u00eda T\u00e9cnica<\/span><\/li>\n \t<li><span style=\"color: #000080;\">Gesti\u00f3n Administrativa<\/span><\/li>\n \t<li><span style=\"color: #000080;\">Arquitectura de Plataformas y Servicios de Tecnolog\u00edas de Informaci\u00f3n<\/span><\/li>\n \t<li><span style=\"color: #000080;\">Desarrollo Pesquero y Acu\u00edcola<\/span><\/li>\n \t<li><span style=\"color: #000080;\">Contabilidad<\/span><\/li>\n<\/ul>\n<span style=\"color: #000080;\">Contamos con infraestructura moderna y equipamiento de \u00faltima generaci\u00f3n, lo que garantiza un entorno \u00f3ptimo para el aprendizaje. Nuestro equipo docente est\u00e1 compuesto por profesionales altamente calificados y en constante actualizaci\u00f3n, asegurando una formaci\u00f3n integral, competitiva y con esp\u00edritu innovador.<\/span>\n\n<span style=\"color: #000080;\">En el Instituto de Educaci\u00f3n Superior Tecnol\u00f3gico P\u00fablico Juli, nuestro compromiso es brindar una educaci\u00f3n que impulse a nuestros estudiantes a ser agentes de cambio en nuestra Regi\u00f3n de Puno y en el Per\u00fa.<\/span>\t\t\t\t\t\t<\/div>\n\t\t\t\t<\/div>\n\t\t\t\t\t<\/div>\n\t\t<\/div>\n\t\t\t\t<div class=\"elementor-column elementor-col-50 elementor-inner-column elementor-element elementor-element-a0b01c3\" data-id=\"a0b01c3\" data-element_type=\"column\">\n\t\t\t<div class=\"elementor-widget-wrap elementor-element-populated\">\n\t\t\t\t\t\t<div class=\"elementor-element elementor-element-4c9fee6 elementor-widget elementor-widget-image\" data-id=\"4c9fee6\" data-element_type=\"widget\" data-settings=\"{&quot;ekit_we_effect_on&quot;:&quot;none&quot;}\" data-widget_type=\"image.default\">\n\t\t\t\t<div class=\"elementor-widget-container\">\n\t\t\t\t\t\t\t\t\t\t\t\t\t<img fetchpriority=\"high\" decoding=\"async\" width=\"462\" height=\"560\" src=\"https:\/\/iesjuli.edu.pe\/portal\/wp-content\/uploads\/2025\/10\/logo_actual_julifondo-1.png\" class=\"elementor-animation-push attachment-full size-full wp-image-95537\" alt=\"\" \/>\t\t\t\t\t\t\t\t\t\t\t\t\t<\/div>\n\t\t\t\t<\/div>\n\t\t\t\t\t<\/div>\n\t\t<\/div>\n\t\t\t\t\t<\/div>\n\t\t<\/section>\n\t\t\t\t\t<\/div>\n\t\t<\/div>\n\t\t\t\t\t<\/div>\n\t\t<\/section>\n\t\t\t\t<\/div>\n\t\t","protected":false},"excerpt":{"rendered":"<p>PRESENTACI\u00d3N El Instituto de Educaci\u00f3n Superior Tecnol\u00f3gico P\u00fablico Juli se destaca por ser una instituci\u00f3n l\u00edder en la formaci\u00f3n de profesionales t\u00e9cnicos altamente capacitados, comprometidos con el desarrollo econ\u00f3mico y social de la Regi\u00f3n de Puno y del Per\u00fa. Con un enfoque en la excelencia acad\u00e9mica, brindamos una formaci\u00f3n de calidad que combina conocimientos te\u00f3ricos y pr\u00e1cticos, adaptados a las demandas del mercado laboral. Nuestros Programas de Estudio\u00a0son: Producci\u00f3n Agropecuaria Enfermer\u00eda T\u00e9cnica Gesti\u00f3n Administrativa Arquitectura de Plataformas y Servicios de Tecnolog\u00edas de Informaci\u00f3n Desarrollo Pesquero y Acu\u00edcola Contabilidad Contamos con infraestructura moderna y equipamiento de \u00faltima generaci\u00f3n, lo que garantiza un entorno \u00f3ptimo para el aprendizaje. Nuestro equipo docente est\u00e1 compuesto por profesionales altamente calificados y en constante actualizaci\u00f3n, asegurando una formaci\u00f3n integral, competitiva y con esp\u00edritu innovador. En el Instituto de Educaci\u00f3n Superior Tecnol\u00f3gico P\u00fablico Juli, nuestro compromiso es brindar una educaci\u00f3n que impulse a nuestros estudiantes a ser agentes de cambio en nuestra Regi\u00f3n de Puno y en el Per\u00fa.<\/p>\n","protected":false},"author":1,"featured_media":0,"parent":0,"menu_order":0,"comment_status":"closed","ping_status":"closed","template":"elementor_header_footer","meta":{"footnotes":""},"class_list":["post-1941","page","type-page","status-publish","hentry"],"_links":{"self":[{"href":"https:\/\/iesjuli.edu.pe\/portal\/wp-json\/wp\/v2\/pages\/1941","targetHints":{"allow":["GET"]}}],"collection":[{"href":"https:\/\/iesjuli.edu.pe\/portal\/wp-json\/wp\/v2\/pages"}],"about":[{"href":"https:\/\/iesjuli.edu.pe\/portal\/wp-json\/wp\/v2\/types\/page"}],"author":[{"embeddable":true,"href":"https:\/\/iesjuli.edu.pe\/portal\/wp-json\/wp\/v2\/users\/1"}],"replies":[{"embeddable":true,"href":"https:\/\/iesjuli.edu.pe\/portal\/wp-json\/wp\/v2\/comments?post=1941"}],"version-history":[{"count":24,"href":"https:\/\/iesjuli.edu.pe\/portal\/wp-json\/wp\/v2\/pages\/1941\/revisions"}],"predecessor-version":[{"id":95546,"href":"https:\/\/iesjuli.edu.pe\/portal\/wp-json\/wp\/v2\/pages\/1941\/revisions\/95546"}],"wp:attachment":[{"href":"https:\/\/iesjuli.edu.pe\/portal\/wp-json\/wp\/v2\/media?parent=1941"}],"curies":[{"name":"wp","href":"https:\/\/api.w.org\/{rel}","templated":true}]}}